{"id":1632,"date":"2024-10-13T22:08:59","date_gmt":"2024-10-14T01:08:59","guid":{"rendered":"https:\/\/ispetyp-cha.infd.edu.ar\/sitio\/?page_id=1632"},"modified":"2025-04-08T18:32:17","modified_gmt":"2025-04-08T21:32:17","slug":"contacto-2","status":"publish","type":"page","link":"https:\/\/ispetyp-cha.infd.edu.ar\/sitio\/contacto-2\/","title":{"rendered":"Contacto"},"content":{"rendered":"\n<!DOCTYPE html>\n<html lang=\"es\">\n<head>\n    <meta charset=\"UTF-8\">\n    <meta name=\"viewport\" content=\"width=device-width, initial-scale=1.0\">\n    <title>Contacto<\/title>\n    <style>\n        body {\n            font-family: 'Poppins', sans-serif;\n            background-color: #EBEBEB;\n            color: #333;\n            margin: 0;\n            padding: 0;\n        }\n\n        .container {\n            max-width: 800px;\n            margin: 50px auto;\n            padding: 20px;\n        }\n\n        h1 {\n            text-align: center;\n            font-size: 3.5em;\n            margin-bottom: 50px;\n            font-weight: bold;\n            color: #6FA0E8;\n        }\n\n        .contact-list {\n            display: flex;\n            flex-direction: column;\n            gap: 30px; \/* Espacio entre elementos *\/\n        }\n\n        .contact-item {\n            padding: 15px;\n            border-left: 4px solid #6FA0E8;\n            background-color: #FFFFFF;\n            box-shadow: 0 2px 4px rgba(0, 0, 0, 0.1);\n        }\n\n        .contact-item h2 {\n            font-size: 2em;\n            color: #6FA0E8;\n            margin-bottom: 10px;\n        }\n\n        .contact-item p {\n            font-size: 1.2em;\n            color: #666;\n            margin: 5px 0;\n        }\n\n        .contact-item a {\n            color: #6FA0E8;\n            text-decoration: none;\n        }\n\n        .contact-item a:hover {\n            text-decoration: underline;\n        }\n    <\/style>\n<\/head>\n<body>\n    <div class=\"container\">\n        <h1>Comunicate con nosotros<\/h1>\n\n        <div class=\"contact-list\">\n            <div class=\"contact-item\">\n                <h2>Rectoria IESETyFP<\/h2>\n                <p><strong>Correo Electr\u00f3nico:<\/strong> <a href=\"mailto:intetyfp@yahoo.com.ar\">intetyfp@yahoo.com.ar<\/a><\/p>\n            <\/div>\n\n            <div class=\"contact-item\">\n                <h2>Coordinaci\u00f3n Pedag\u00f3gica<\/h2>\n                <p><strong>Correo Electr\u00f3nico:<\/strong> <a href=\"mailto:coordinacionpedagogica.14@gmail.com\">coordinacionpedagogica.14@gmail.com<\/a><\/p>\n            <\/div>\n\n            <div class=\"contact-item\">\n                <h2>Referente Aulas Virtuales<\/h2>\n                <p><strong>Correo Electr\u00f3nico:<\/strong> <a href=\"mailto:aulasviertuales.iesetyfp@gmail.com\">aulasviertuales.iesetyfp@gmail.com<\/a><\/p>\n            <\/div>\n        <\/div>\n    <\/div>\n<\/body>\n<\/html>\n","protected":false},"excerpt":{"rendered":"<p>Contacto Comunicate con nosotros Rectoria IESETyFP Correo Electr\u00f3nico: intetyfp@yahoo.com.ar Coordinaci\u00f3n Pedag\u00f3gica Correo Electr\u00f3nico: coordinacionpedagogica.14@gmail.com Referente Aulas Virtuales Correo Electr\u00f3nico: aulasviertuales.iesetyfp@gmail.com<\/p>\n","protected":false},"author":3863,"featured_media":0,"parent":0,"menu_order":0,"comment_status":"closed","ping_status":"closed","template":"","meta":[],"acf":[],"_links":{"self":[{"href":"https:\/\/ispetyp-cha.infd.edu.ar\/sitio\/wp-json\/wp\/v2\/pages\/1632"}],"collection":[{"href":"https:\/\/ispetyp-cha.infd.edu.ar\/sitio\/wp-json\/wp\/v2\/pages"}],"about":[{"href":"https:\/\/ispetyp-cha.infd.edu.ar\/sitio\/wp-json\/wp\/v2\/types\/page"}],"author":[{"embeddable":true,"href":"https:\/\/ispetyp-cha.infd.edu.ar\/sitio\/wp-json\/wp\/v2\/users\/3863"}],"replies":[{"embeddable":true,"href":"https:\/\/ispetyp-cha.infd.edu.ar\/sitio\/wp-json\/wp\/v2\/comments?post=1632"}],"version-history":[{"count":4,"href":"https:\/\/ispetyp-cha.infd.edu.ar\/sitio\/wp-json\/wp\/v2\/pages\/1632\/revisions"}],"predecessor-version":[{"id":1928,"href":"https:\/\/ispetyp-cha.infd.edu.ar\/sitio\/wp-json\/wp\/v2\/pages\/1632\/revisions\/1928"}],"wp:attachment":[{"href":"https:\/\/ispetyp-cha.infd.edu.ar\/sitio\/wp-json\/wp\/v2\/media?parent=1632"}],"curies":[{"name":"wp","href":"https:\/\/api.w.org\/{rel}","templated":true}]}}