{"id":1640,"date":"2024-10-13T22:15:59","date_gmt":"2024-10-14T01:15:59","guid":{"rendered":"https:\/\/ispetyp-cha.infd.edu.ar\/sitio\/?page_id=1640"},"modified":"2024-11-26T13:56:24","modified_gmt":"2024-11-26T16:56:24","slug":"1640-2","status":"publish","type":"page","link":"https:\/\/ispetyp-cha.infd.edu.ar\/sitio\/1640-2\/","title":{"rendered":""},"content":{"rendered":"\n<div class=\"wp-block-group alignfull is-layout-constrained\"><div class=\"wp-block-group__inner-container\">\n<div class=\"wp-block-columns alignfull is-layout-flex wp-container-4\">\n<div class=\"wp-block-column is-layout-flow\" style=\"flex-basis:100%\">\n<div class=\"wp-block-columns is-layout-flex wp-container-2\">\n<div class=\"wp-block-column is-layout-flow\" style=\"flex-basis:100%\">\n<div style=\"display: flex; justify-content: center; background-color: white; padding: 5vw; gap: 2vw; flex-wrap: wrap; max-width: 100%; overflow-x: hidden;\">\n    <div style=\"background-color: #619bd7; border-radius: 1vw; width: 100%; max-width: 22%; min-width: 250px; padding: 4vw; text-align: center; display: flex; flex-direction: column; box-sizing: border-box;\">\n        <img decoding=\"async\" style=\"width: 10vw; height: auto; margin-bottom: 2vw; align-self: center;\" src=\"https:\/\/ispetyp-cha.infd.edu.ar\/sitio\/wp-content\/uploads\/2024\/10\/tec1-removebg-preview.png\" alt=\"Icono T\u00e9cnico Superior en Inform\u00e1tica\">\n        <h3 style=\"color: white; font-size: 1.5vw;\">Tecnicatura Superior en Soporte de Infraestructura de Tecnolog\u00eda de la Informaci\u00f3n<\/h3>\n        <p style=\"color: white; font-size: 1vw;\">\n            <strong>T\u00cdTULO A OTORGAR:<\/strong><br>T\u00e9cnico\/a Superior en Soporte de Infraestructura de Tecnolog\u00eda de la Informaci\u00f3n.<br>\n            <strong>DURACI\u00d3N:<\/strong><br>3 A\u00f1os.\n        <\/p>\n        <a href=\"https:\/\/drive.google.com\/file\/d\/1LKkLuQ82rLR10YY0NsqTeMHr0aL9z8wv\/view?usp=sharing\" style=\"display: inline-block; padding: 1vw 2vw; background-color: white; color: #619bd7; border-radius: 0.5vw; text-decoration: none; font-weight: bold; margin-top: auto;\">M\u00e1s informaci\u00f3n<\/a>\n    <\/div>\n\n    <div style=\"background-color: #619bd7; border-radius: 1vw; width: 100%; max-width: 22%; min-width: 250px; padding: 4vw; text-align: center; display: flex; flex-direction: column; box-sizing: border-box;\">\n        <img decoding=\"async\" style=\"width: 10vw; height: auto; margin-bottom: 2vw; align-self: center;\" src=\"https:\/\/ispetyp-cha.infd.edu.ar\/sitio\/wp-content\/uploads\/2024\/10\/tec2-removebg-preview.png\" alt=\"Icono T\u00e9cnico Superior en Electr\u00f3nica\">\n        <h3 style=\"color: white; font-size: 1.5vw;\">Tecnicatura Superior en Desarrollo de Software<\/h3>\n        <p style=\"color: white; font-size: 1vw;\">\n            <strong>T\u00cdTULO A OTORGAR:<\/strong><br>T\u00e9cnico\/a Superior en Desarrollo de Software.<br>\n            <strong>DURACI\u00d3N:<\/strong><br>3 A\u00f1os.\n        <\/p>\n        <a href=\"https:\/\/drive.google.com\/file\/d\/1ZdVKhgP9yqq4c_R_dA1fHGr7gdLbsPE0\/view?usp=sharing\" style=\"display: inline-block; padding: 1vw 2vw; background-color: white; color: #619bd7; border-radius: 0.5vw; text-decoration: none; font-weight: bold; margin-top: auto;\">M\u00e1s informaci\u00f3n<\/a>\n    <\/div>\n\n    <div style=\"background-color: #619bd7; border-radius: 1vw; width: 100%; max-width: 22%; min-width: 250px; padding: 4vw; text-align: center; display: flex; flex-direction: column; box-sizing: border-box;\">\n        <img decoding=\"async\" style=\"width: 10vw; height: auto; margin-bottom: 2vw; align-self: center;\" src=\"https:\/\/ispetyp-cha.infd.edu.ar\/sitio\/wp-content\/uploads\/2024\/10\/tec3.png\" alt=\"Icono T\u00e9cnico Superior en Mecatr\u00f3nica\">\n        <h3 style=\"color: white; font-size: 1.5vw;\">Tecnicatura Superior en Seguridad, Higiene y Medio Ambiente en el Trabajo<\/h3>\n        <p style=\"color: white; font-size: 1vw;\">\n            <strong>T\u00cdTULO A OTORGAR:<\/strong><br>T\u00e9cnico\/a Superior en Seguridad, Higiene y Medio Ambiente en el Trabajo.<br>\n            <strong>DURACI\u00d3N:<\/strong><br>3 A\u00f1os.\n        <\/p>\n        <a href=\"https:\/\/drive.google.com\/file\/d\/1OIaNQDz1CEvGVUbWdzcFojd8tIsdSuM_\/view?usp=sharing\" style=\"display: inline-block; padding: 1vw 2vw; background-color: white; color: #619bd7; border-radius: 0.5vw; text-decoration: none; font-weight: bold; margin-top: auto;\">M\u00e1s informaci\u00f3n<\/a>\n    <\/div>\n\n    <div style=\"background-color: #619bd7; border-radius: 1vw; width: 100%; max-width: 22%; min-width: 250px; padding: 4vw; text-align: center; display: flex; flex-direction: column; box-sizing: border-box;\">\n        <img decoding=\"async\" style=\"width: 10vw; height: auto; margin-bottom: 2vw; align-self: center;\" src=\"https:\/\/ispetyp-cha.infd.edu.ar\/sitio\/wp-content\/uploads\/2024\/10\/tec44-removebg-preview.png\" alt=\"Icono T\u00e9cnico Superior en Qu\u00edmica\">\n        <h3 style=\"color: white; font-size: 1.5vw;\">Tecnicatura en Ciencias de Datos e Inteligencia Artificial<\/h3>\n        <p style=\"color: white; font-size: 1vw;\">\n            <strong>T\u00cdTULO A OTORGAR:<\/strong><br>T\u00e9cnico\/a en Ciencias de Datos e Inteligencia Artificial.<br>\n            <strong>DURACI\u00d3N:<\/strong><br>3 A\u00f1os.\n        <\/p>\n        <a href=\"https:\/\/drive.google.com\/file\/d\/12qSnbHi0Rm1JX__4t8auMVqZuIIKP3JB\/view?usp=sharing\" style=\"display: inline-block; padding: 1vw 2vw; background-color: white; color: #619bd7; border-radius: 0.5vw; text-decoration: none; font-weight: bold; margin-top: auto;\">M\u00e1s informaci\u00f3n<\/a>\n    <\/div>\n\n    <div style=\"background-color: #619bd7; border-radius: 1vw; width: 100%; max-width: 22%; min-width: 250px; padding: 4vw; text-align: center; display: flex; flex-direction: column; box-sizing: border-box;\">\n        <img decoding=\"async\" style=\"width: 10vw; height: auto; margin-bottom: 2vw; align-self: center;\" src=\"https:\/\/ispetyp-cha.infd.edu.ar\/sitio\/wp-content\/uploads\/2024\/10\/tec5-removebg-preview-1.png\" alt=\"Icono T\u00e9cnico Superior en Energ\u00edas Renovables\">\n        <h3 style=\"color: white; font-size: 1.5vw;\">Tecnicatura Superior en Gesti\u00f3n Ambiental<\/h3>\n        <p style=\"color: white; font-size: 1vw;\">\n            <strong>T\u00cdTULO A OTORGAR:<\/strong><br>T\u00e9cnico\/a Superior en Gesti\u00f3n Ambiental.<br>\n            <strong>DURACI\u00d3N:<\/strong><br>3 A\u00f1os.\n        <\/p>\n        <a href=\"https:\/\/drive.google.com\/file\/d\/1lUatefPYOtu0taAVSDXS_e-n7KAyUZ6a\/view?usp=sharing\" style=\"display: inline-block; padding: 1vw 2vw; background-color: white; color: #619bd7; border-radius: 0.5vw; text-decoration: none; font-weight: bold; margin-top: auto;\">M\u00e1s informaci\u00f3n<\/a>\n    <\/div>\n<\/div>\n<\/div>\n<\/div>\n<\/div>\n<\/div>\n<\/div><\/div>\n","protected":false},"excerpt":{"rendered":"<p>Tecnicatura Superior en Soporte de Infraestructura de Tecnolog\u00eda de la Informaci\u00f3n T\u00cdTULO A OTORGAR:T\u00e9cnico\/a Superior en Soporte de Infraestructura de Tecnolog\u00eda de la Informaci\u00f3n. DURACI\u00d3N:3 A\u00f1os. M\u00e1s informaci\u00f3n Tecnicatura Superior en Desarrollo de Software T\u00cdTULO A OTORGAR:T\u00e9cnico\/a Superior en Desarrollo de Software. DURACI\u00d3N:3 A\u00f1os. M\u00e1s informaci\u00f3n Tecnicatura Superior en Seguridad, Higiene y Medio Ambiente en &#8230; <a title=\"\" class=\"read-more\" href=\"https:\/\/ispetyp-cha.infd.edu.ar\/sitio\/1640-2\/\" aria-label=\"More on \">[+]<\/a><\/p>\n","protected":false},"author":3863,"featured_media":0,"parent":0,"menu_order":0,"comment_status":"closed","ping_status":"closed","template":"","meta":[],"acf":[],"_links":{"self":[{"href":"https:\/\/ispetyp-cha.infd.edu.ar\/sitio\/wp-json\/wp\/v2\/pages\/1640"}],"collection":[{"href":"https:\/\/ispetyp-cha.infd.edu.ar\/sitio\/wp-json\/wp\/v2\/pages"}],"about":[{"href":"https:\/\/ispetyp-cha.infd.edu.ar\/sitio\/wp-json\/wp\/v2\/types\/page"}],"author":[{"embeddable":true,"href":"https:\/\/ispetyp-cha.infd.edu.ar\/sitio\/wp-json\/wp\/v2\/users\/3863"}],"replies":[{"embeddable":true,"href":"https:\/\/ispetyp-cha.infd.edu.ar\/sitio\/wp-json\/wp\/v2\/comments?post=1640"}],"version-history":[{"count":11,"href":"https:\/\/ispetyp-cha.infd.edu.ar\/sitio\/wp-json\/wp\/v2\/pages\/1640\/revisions"}],"predecessor-version":[{"id":1899,"href":"https:\/\/ispetyp-cha.infd.edu.ar\/sitio\/wp-json\/wp\/v2\/pages\/1640\/revisions\/1899"}],"wp:attachment":[{"href":"https:\/\/ispetyp-cha.infd.edu.ar\/sitio\/wp-json\/wp\/v2\/media?parent=1640"}],"curies":[{"name":"wp","href":"https:\/\/api.w.org\/{rel}","templated":true}]}}