{"id":1665,"date":"2024-10-14T22:56:59","date_gmt":"2024-10-15T01:56:59","guid":{"rendered":"https:\/\/ispetyp-cha.infd.edu.ar\/sitio\/?page_id=1665"},"modified":"2026-04-10T12:19:24","modified_gmt":"2026-04-10T15:19:24","slug":"preguntas-frecuentes","status":"publish","type":"page","link":"https:\/\/ispetyp-cha.infd.edu.ar\/sitio\/preguntas-frecuentes\/","title":{"rendered":"Preguntas frecuentes"},"content":{"rendered":"\n<!DOCTYPE html>\n<html lang=\"es\">\n<head>\n    <meta charset=\"UTF-8\">\n    <meta name=\"viewport\" content=\"width=device-width, initial-scale=1.0\">\n    <title>Preguntas frecuentes<\/title>\n    <style>\n        body {\n            font-family: Arial, sans-serif;\n        }\n\n        .chat-container {\n            width: 300px;\n            height: 400px;\n            position: fixed;\n            bottom: 60px;\n            right: 20px;\n            border: 2px solid #444;\n            border-radius: 10px;\n            display: flex;\n            flex-direction: column;\n            background-color: white;\n            box-shadow: 2px 2px 10px rgba(0, 0, 0, 0.2);\n        }\n\n        .chat-header {\n            background-color: #444;\n            color: white;\n            padding: 10px;\n            text-align: center;\n            font-weight: bold;\n            border-top-left-radius: 10px;\n            border-top-right-radius: 10px;\n        }\n\n        .chat-body {\n            flex: 1;\n            padding: 10px;\n            overflow-y: auto;\n            background-color: #f9f9f9;\n        }\n\n        .chat-footer {\n            display: flex;\n            padding: 10px;\n            background-color: #eee;\n        }\n\n        .chat-footer input {\n            flex: 1;\n            padding: 10px;\n            border: 1px solid #ccc;\n            border-radius: 5px;\n        }\n\n        .chat-footer button {\n            padding: 10px;\n            margin-left: 10px;\n            background-color: #444;\n            color: white;\n            border: none;\n            border-radius: 5px;\n            cursor: pointer;\n        }\n\n        .message {\n            margin-bottom: 10px;\n            padding: 10px;\n            border-radius: 10px;\n            max-width: 80%;\n        }\n\n        .user-message {\n            background-color: #66ff99;\n            align-self: flex-end;\n            text-align: right;\n        }\n\n        .bot-message {\n            background-color: #ccffcc;\n            align-self: flex-start;\n        }\n\n        .options button {\n            background-color: #444;\n            color: white;\n            border: none;\n            padding: 5px 10px;\n            margin: 5px;\n            border-radius: 5px;\n            cursor: pointer;\n        }\n\n        .options button:hover {\n            background-color: #333;\n        }\n    <\/style>\n<\/head>\n<body>\n\n<div class=\"chat-container\">\n    <div class=\"chat-header\">Preguntas frecuentes<\/div>\n    <div class=\"chat-body\" id=\"chat-body\">\n        <div class=\"bot-message message\">\u00a1Hola! \u00bfEn qu\u00e9 puedo ayudarte hoy?<\/div>\n        <div class=\"bot-message message\">Selecciona una opci\u00f3n:<\/div>\n        <div class=\"options\" id=\"options\">\n            <button onclick=\"sendPredefinedMessage('horario')\">Horario<\/button>\n            <button onclick=\"sendPredefinedMessage('documentos')\">Documentos<\/button>\n            <button onclick=\"sendPredefinedMessage('certificados')\">Certificados<\/button>\n            <button onclick=\"sendPredefinedMessage('ubicacion')\">Ubicaci\u00f3n<\/button>\n            <button onclick=\"sendPredefinedMessage('requisitos')\">Requisitos<\/button>\n            <button onclick=\"showCarrerasOptions()\">Carreras<\/button>\n        <\/div>\n    <\/div>\n    <div class=\"chat-footer\">\n        <input type=\"text\" id=\"userInput\" placeholder=\"Escribe tu pregunta...\" onkeydown=\"if(event.key === 'Enter') sendMessage()\">\n        <button onclick=\"sendMessage()\">Enviar<\/button>\n    <\/div>\n<\/div>\n\n<script>\n    const responses = {\n        \"horario\": \"Turno siesta: 14:00 a 17:30. Turno vespertino: 17:50 a 22:30.\",\n        \"documentos\": \"Puedes retirar documentos en la oficina de Bedeles presentando tu DNI.\",\n        \"certificados\": `\n            <ul>\n                <li><a href=\"https:\/\/docs.google.com\/forms\/d\/e\/1FAIpQLSfTAl6KyIOxUu6z4WDsd3ua6Ug30ZZqo5U3nPvPqNwEMD4msQ\/viewform\" target=\"_blank\">Constancia de ingresantes<\/a><\/li>\n                <li><a href=\"https:\/\/docs.google.com\/document\/d\/1xwP68TknCMYNT7uKFETl6g0Jpjuvjgx5\/edit?usp=sharing&#038;ouid=106457945027757265539&#038;rtpof=true&#038;sd=true\" target=\"_blank\">Formulario de Inscripci\u00f3n - Ingresantes<\/a><\/li>\n                <li><a  href=\"https:\/\/drive.google.com\/drive\/folders\/1OnpFLWH9ICcWy1weuzeGWSKGGk9ISNL0?usp=sharing\" target=\"_blank\">Instructivo y Formulario solicitud Equivalencia<\/a><\/li>\n                <li><a href=\"https:\/\/docs.google.com\/document\/d\/1HufGdJC3tyip_hZlWErjKgRfLNKCU5g-\/edit\" target=\"_blank\">Constancia de examen<\/a><\/li>\n                <li> <a href=\"https:\/\/docs.google.com\/document\/d\/1-RRLoRlexyKdPAQGJrFxYLx95wwRv0Ew\/edit\" target=\"_blank\">Alumno regular<\/a>.<\/li>\n                <li> <a href=\"https:\/\/drive.google.com\/drive\/folders\/1OnpFLWH9ICcWy1weuzeGWSKGGk9ISNL0?usp=sharing\" target=\"_blank\"> Equivalencia<\/a>.<\/li>\n            <\/ul>\n        `,\n        \"ubicacion\": \"Nuestra ubicaci\u00f3n exacta es <a href='https:\/\/maps.app.goo.gl\/svBuH9awUER3EzMd7' target='_blank'>Mitre 896<\/a>.\",\n        \"requisitos\": \"Los requisitos deben presentarse del 1 al 30 de marzo.\", \n        \"sin respuesta\": \"Lo siento, no tengo informaci\u00f3n sobre eso. Por favor, comun\u00edcate al correo secretariaiesetyfp@gmail.com.\"\n    };\n\n    function sendPredefinedMessage(option) {\n        addMessage(option.charAt(0).toUpperCase() + option.slice(1), 'user-message');\n        const botResponse = responses[option] || responses[\"sin respuesta\"];\n        setTimeout(() => addMessage(botResponse, 'bot-message'), 500);\n    }\n\n    function sendMessage() {\n        const inputField = document.getElementById(\"userInput\");\n        const userMessage = inputField.value.trim().toLowerCase();\n\n        if (userMessage === \"\") return;\n\n        addMessage(inputField.value, 'user-message');\n\n        let botResponse = \"sin respuesta\"; \/\/ Por defecto, respuesta gen\u00e9rica\n        for (const key in responses) {\n            if (userMessage.includes(key)) {\n                botResponse = key;\n                break;\n            }\n        }\n\n        setTimeout(() => addMessage(responses[botResponse], 'bot-message'), 500);\n\n        inputField.value = \"\";\n    }\n\n    function addMessage(message, className) {\n        const chatBody = document.getElementById(\"chat-body\");\n        const messageDiv = document.createElement(\"div\");\n        messageDiv.className = `${className} message`;\n        messageDiv.innerHTML = message;\n        chatBody.appendChild(messageDiv);\n        chatBody.scrollTop = chatBody.scrollHeight;\n    }\n\n    function showCarrerasOptions() {\n        addMessage(\"Carreras\", 'user-message');\n        setTimeout(() => {\n            const options = `\n                <ul>\n                    <li><a href=\"https:\/\/ispetyp-cha.infd.edu.ar\/sitio\/1589-2\/\" target=\"_blank\">Profesorado<\/a><\/li>\n                    <li><a href=\"https:\/\/ispetyp-cha.infd.edu.ar\/sitio\/1640-2\/\" target=\"_blank\">Tecnicaturas<\/a><\/li>\n                <\/ul>\n            `;\n            addMessage(options, 'bot-message');\n        }, 500);\n    }\n<\/script>\n\n<\/body>\n<\/html>\n\n\n","protected":false},"excerpt":{"rendered":"<p>Preguntas frecuentes Preguntas frecuentes \u00a1Hola! \u00bfEn qu\u00e9 puedo ayudarte hoy? Selecciona una opci\u00f3n: Horario Documentos Certificados Ubicaci\u00f3n Requisitos Carreras Enviar<\/p>\n","protected":false},"author":3863,"featured_media":0,"parent":0,"menu_order":0,"comment_status":"closed","ping_status":"closed","template":"","meta":[],"acf":[],"_links":{"self":[{"href":"https:\/\/ispetyp-cha.infd.edu.ar\/sitio\/wp-json\/wp\/v2\/pages\/1665"}],"collection":[{"href":"https:\/\/ispetyp-cha.infd.edu.ar\/sitio\/wp-json\/wp\/v2\/pages"}],"about":[{"href":"https:\/\/ispetyp-cha.infd.edu.ar\/sitio\/wp-json\/wp\/v2\/types\/page"}],"author":[{"embeddable":true,"href":"https:\/\/ispetyp-cha.infd.edu.ar\/sitio\/wp-json\/wp\/v2\/users\/3863"}],"replies":[{"embeddable":true,"href":"https:\/\/ispetyp-cha.infd.edu.ar\/sitio\/wp-json\/wp\/v2\/comments?post=1665"}],"version-history":[{"count":20,"href":"https:\/\/ispetyp-cha.infd.edu.ar\/sitio\/wp-json\/wp\/v2\/pages\/1665\/revisions"}],"predecessor-version":[{"id":1950,"href":"https:\/\/ispetyp-cha.infd.edu.ar\/sitio\/wp-json\/wp\/v2\/pages\/1665\/revisions\/1950"}],"wp:attachment":[{"href":"https:\/\/ispetyp-cha.infd.edu.ar\/sitio\/wp-json\/wp\/v2\/media?parent=1665"}],"curies":[{"name":"wp","href":"https:\/\/api.w.org\/{rel}","templated":true}]}}