{"id":1866,"date":"2024-11-04T18:08:41","date_gmt":"2024-11-04T21:08:41","guid":{"rendered":"https:\/\/ispetyp-cha.infd.edu.ar\/sitio\/?page_id=1866"},"modified":"2024-11-27T09:03:19","modified_gmt":"2024-11-27T12:03:19","slug":"bedeles2","status":"publish","type":"page","link":"https:\/\/ispetyp-cha.infd.edu.ar\/sitio\/bedeles2\/","title":{"rendered":""},"content":{"rendered":"\n<!DOCTYPE html>\n<html lang=\"es\">\n<head>\n    <meta charset=\"UTF-8\">\n    <meta name=\"viewport\" content=\"width=device-width, initial-scale=1.0\">\n    <title>Personal de Bedel\u00eda<\/title>\n    <style>\n        body {\n            font-family: 'Poppins', sans-serif;\n            background-color: #EBEBEB;\n            color: #333;\n            margin: 0;\n            padding: 0;\n        }\n\n        .container {\n            max-width: 1200px;\n            margin: 50px auto;\n            padding: 20px;\n        }\n\n        h1 {\n            text-align: center;\n            font-size: 3.5em;\n            margin-bottom: 50px;\n            font-weight: bold;\n            color: #6FA0E8;\n        }\n\n        h2 {\n            font-size: 2.5em;\n            margin: 40px 0 20px;\n            color: #6FA0E8;\n            border-bottom: 2px solid #6FA0E8;\n            padding-bottom: 10px;\n        }\n\n        .section {\n            margin-bottom: 60px;\n        }\n\n        .card-container {\n            display: flex;\n            flex-wrap: wrap;\n            justify-content: center;\n            gap: 30px;\n        }\n\n        .card {\n            background-color: #fff;\n            border-radius: 20px;\n            overflow: hidden;\n            box-shadow: 0 10px 25px rgba(0, 0, 0, 0.1);\n            border: 3px solid #6FA0E8;\n            transition: transform 0.3s ease, box-shadow 0.3s ease;\n            width: 300px;\n        }\n\n        .card:hover {\n            transform: translateY(-10px);\n            box-shadow: 0 15px 30px rgba(0, 0, 0, 0.2);\n        }\n\n        .card img {\n            width: 100%;\n            height: 200px;\n            object-fit: cover;\n        }\n\n        .card-body {\n            padding: 20px;\n            text-align: center;\n        }\n\n        .card-body h3 {\n            font-size: 1.8em;\n            margin-bottom: 10px;\n            color: #6FA0E8;\n            font-weight: 600;\n        }\n\n        .card-body p {\n            font-size: 1.1em;\n            margin-bottom: 5px;\n            color: #666;\n        }\n\n        .card-body .position {\n            color: #333;\n            font-size: 1.2em;\n            font-weight: 500;\n        }\n    <\/style>\n<\/head>\n<body>\n    <div class=\"container\">\n        <h1>Personal de Bedel\u00eda<\/h1>\n\n        <!-- Secci\u00f3n Turno Siesta -->\n        <div class=\"section\">\n            <h2>Turno Siesta<\/h2>\n            <div class=\"card-container\">\n                <div class=\"card\">\n                    <img decoding=\"async\" src=\"https:\/\/ispetyp-cha.infd.edu.ar\/sitio\/wp-content\/uploads\/2024\/10\/imglogo.jpg\" alt=\"Foto de Alejandra Balbuena\">\n                    <div class=\"card-body\">\n                        <h3>Alejandra Balbuena<\/h3>\n                        <p class=\"position\">Administraci\u00f3n<\/p>\n                    <\/div>\n                <\/div>\n                <div class=\"card\">\n                    <img decoding=\"async\" src=\"https:\/\/ispetyp-cha.infd.edu.ar\/sitio\/wp-content\/uploads\/2024\/10\/imglogo.jpg\" alt=\"Foto de Martha Oporto\">\n                    <div class=\"card-body\">\n                        <h3>Martha Oporto<\/h3>\n                        <p class=\"position\">Administraci\u00f3n<\/p>\n                    <\/div>\n                <\/div>\n                <div class=\"card\">\n                    <img decoding=\"async\" src=\"https:\/\/ispetyp-cha.infd.edu.ar\/sitio\/wp-content\/uploads\/2024\/10\/imglogo.jpg\" alt=\"Foto de Noelia L\u00f3pez\">\n                    <div class=\"card-body\">\n                        <h3>Noelia L\u00f3pez<\/h3>\n                        <p class=\"position\">Administraci\u00f3n<\/p>\n                    <\/div>\n                <\/div>\n                <div class=\"card\">\n                    <img decoding=\"async\" src=\"https:\/\/ispetyp-cha.infd.edu.ar\/sitio\/wp-content\/uploads\/2024\/10\/imglogo.jpg\" alt=\"Foto de Marisa Leiva\">\n                    <div class=\"card-body\">\n                        <h3>Marisa Leiva<\/h3>\n                        <p class=\"position\">Higiene y Seguridad en el Ambiente de Trabajo<\/p>\n                    <\/div>\n                <\/div>\n                <div class=\"card\">\n                    <img decoding=\"async\" src=\"https:\/\/ispetyp-cha.infd.edu.ar\/sitio\/wp-content\/uploads\/2024\/10\/imglogo.jpg\" alt=\"Foto de Mirtha Sosa\">\n                    <div class=\"card-body\">\n                        <h3>Mirtha Sosa<\/h3>\n                        <p class=\"position\">Prosecretaria<\/p>\n                    <\/div>\n                <\/div>\n                <div class=\"card\">\n                    <img decoding=\"async\" src=\"https:\/\/ispetyp-cha.infd.edu.ar\/sitio\/wp-content\/uploads\/2024\/10\/imglogo.jpg\" alt=\"Foto de Mar\u00eda Eva Duarte\">\n                    <div class=\"card-body\">\n                        <h3>Mar\u00eda Eva Duarte<\/h3>\n                        <p class=\"position\">Secretaria<\/p>\n                    <\/div>\n                <\/div>\n            <\/div>\n        <\/div>\n\n        <!-- Secci\u00f3n Turno Vespertino -->\n        <div class=\"section\">\n            <h2>Turno Vespertino<\/h2>\n            <div class=\"card-container\">\n                <div class=\"card\">\n                    <img decoding=\"async\" src=\"https:\/\/ispetyp-cha.infd.edu.ar\/sitio\/wp-content\/uploads\/2024\/10\/imglogo.jpg\" alt=\"Foto de Anabel Gonzales\">\n                    <div class=\"card-body\">\n                        <h3>Rol\u00f3n Rolando<\/h3>\n                        <p class=\"position\">Higiene y Seguridad en el Ambiente de Trabajo<\/p>\n                    <\/div>\n                <\/div>\n                <div class=\"card\">\n                    <img decoding=\"async\" src=\"https:\/\/ispetyp-cha.infd.edu.ar\/sitio\/wp-content\/uploads\/2024\/10\/imglogo.jpg\" alt=\"Foto de Karina Cardozo\">\n                    <div class=\"card-body\">\n                        <h3>Karina Cardozo<\/h3>\n                        <p class=\"position\">Profesorado para la Educaci\u00f3n Secundaria T\u00e9cnica<\/p>\n                    <\/div>\n                <\/div>\n                <div class=\"card\">\n                    <img decoding=\"async\" src=\"https:\/\/ispetyp-cha.infd.edu.ar\/sitio\/wp-content\/uploads\/2024\/10\/imglogo.jpg\" alt=\"Foto de Zunilda Aquino\">\n                    <div class=\"card-body\">\n                        <h3>Zunilda Aquino<\/h3>\n                        <p class=\"position\">Desarrollo de software y Soporte de infraestructura<\/p>\n                    <\/div>\n                <\/div>\n                <div class=\"card\">\n                    <img decoding=\"async\" src=\"https:\/\/ispetyp-cha.infd.edu.ar\/sitio\/wp-content\/uploads\/2024\/10\/imglogo.jpg\" alt=\"Foto de Edgardo Rolon\">\n                    <div class=\"card-body\">\n                        <h3>Edgardo Rolon<\/h3>\n                        <p class=\"position\">Profesorado en Educaci\u00f3n Tecnol\u00f3gica<\/p>\n                    <\/div>\n                <\/div>\n            <\/div>\n        <\/div>\n    <\/div>\n<\/body>\n<\/html>\n","protected":false},"excerpt":{"rendered":"<p>Personal de Bedel\u00eda Personal de Bedel\u00eda Turno Siesta Alejandra Balbuena Administraci\u00f3n Martha Oporto Administraci\u00f3n Noelia L\u00f3pez Administraci\u00f3n Marisa Leiva Higiene y Seguridad en el Ambiente de Trabajo Mirtha Sosa Prosecretaria Mar\u00eda Eva Duarte Secretaria Turno Vespertino Rol\u00f3n Rolando Higiene y Seguridad en el Ambiente de Trabajo Karina Cardozo Profesorado para la Educaci\u00f3n Secundaria T\u00e9cnica Zunilda &#8230; <a title=\"\" class=\"read-more\" href=\"https:\/\/ispetyp-cha.infd.edu.ar\/sitio\/bedeles2\/\" aria-label=\"More on \">[+]<\/a><\/p>\n","protected":false},"author":3863,"featured_media":0,"parent":0,"menu_order":0,"comment_status":"closed","ping_status":"closed","template":"","meta":[],"acf":[],"_links":{"self":[{"href":"https:\/\/ispetyp-cha.infd.edu.ar\/sitio\/wp-json\/wp\/v2\/pages\/1866"}],"collection":[{"href":"https:\/\/ispetyp-cha.infd.edu.ar\/sitio\/wp-json\/wp\/v2\/pages"}],"about":[{"href":"https:\/\/ispetyp-cha.infd.edu.ar\/sitio\/wp-json\/wp\/v2\/types\/page"}],"author":[{"embeddable":true,"href":"https:\/\/ispetyp-cha.infd.edu.ar\/sitio\/wp-json\/wp\/v2\/users\/3863"}],"replies":[{"embeddable":true,"href":"https:\/\/ispetyp-cha.infd.edu.ar\/sitio\/wp-json\/wp\/v2\/comments?post=1866"}],"version-history":[{"count":4,"href":"https:\/\/ispetyp-cha.infd.edu.ar\/sitio\/wp-json\/wp\/v2\/pages\/1866\/revisions"}],"predecessor-version":[{"id":1921,"href":"https:\/\/ispetyp-cha.infd.edu.ar\/sitio\/wp-json\/wp\/v2\/pages\/1866\/revisions\/1921"}],"wp:attachment":[{"href":"https:\/\/ispetyp-cha.infd.edu.ar\/sitio\/wp-json\/wp\/v2\/media?parent=1866"}],"curies":[{"name":"wp","href":"https:\/\/api.w.org\/{rel}","templated":true}]}}