{"id":286,"date":"2016-10-31T13:17:59","date_gmt":"2016-10-31T16:17:59","guid":{"rendered":"https:\/\/ispetyp-cha.infd.edu.ar\/sitio\/?page_id=286"},"modified":"2024-11-26T20:19:38","modified_gmt":"2024-11-26T23:19:38","slug":"inicio","status":"publish","type":"page","link":"https:\/\/ispetyp-cha.infd.edu.ar\/sitio\/","title":{"rendered":"INSCRIPCIONES A CARRERAS"},"content":{"rendered":"<div id=\"metaslider-id-403\" style=\"width: 100%;\" class=\"ml-slider-3-33-0 metaslider metaslider-flex metaslider-403 ml-slider ms-theme-default\" role=\"region\" aria-roledescription=\"Slideshow\" aria-label=\"Slideshow\">\n    <div id=\"metaslider_container_403\">\n        <div id=\"metaslider_403\" class=\"flexslider\">\n            <ul aria-live=\"polite\" class=\"slides\">\n                <li style=\"display: block; width: 100%;\" class=\"slide-1810 ms-image\" aria-roledescription=\"slide\" aria-label=\"slide-1810\"><a href=\"https:\/\/mapa.infd.edu.ar\/\" target=\"_blank\"><img src=\"https:\/\/ispetyp-cha.infd.edu.ar\/sitio\/wp-content\/uploads\/2024\/10\/Red_INFD__1_-removebg-preview-1000x181.png\" height=\"200\" width=\"1100\" alt=\"\" class=\"slider-403 slide-1810\" title=\"Red_INFD__1_-removebg-preview\" \/><\/a><\/li>\n                <li style=\"display: none; width: 100%;\" class=\"slide-1814 ms-image\" aria-roledescription=\"slide\" aria-label=\"slide-1814\"><a href=\"https:\/\/www.argentina.gob.ar\/educacion\/becas\" target=\"_blank\"><img src=\"https:\/\/ispetyp-cha.infd.edu.ar\/sitio\/wp-content\/uploads\/2024\/10\/Red_INFD__2_-removebg-preview-1000x181.png\" height=\"200\" width=\"1100\" alt=\"\" class=\"slider-403 slide-1814\" title=\"Red_INFD__2_-removebg-preview\" \/><\/a><\/li>\n                <li style=\"display: none; width: 100%;\" class=\"slide-1815 ms-image\" aria-roledescription=\"slide\" aria-label=\"slide-1815\"><a href=\"https:\/\/www.argentina.gob.ar\/tema\/estudiar\/formacion-docencia\" target=\"_blank\"><img src=\"https:\/\/ispetyp-cha.infd.edu.ar\/sitio\/wp-content\/uploads\/2024\/10\/Red_INFD__3_-removebg-preview-1000x181.png\" height=\"200\" width=\"1100\" alt=\"\" class=\"slider-403 slide-1815\" title=\"Red_INFD__3_-removebg-preview\" \/><\/a><\/li>\n                <li style=\"display: none; width: 100%;\" class=\"slide-1754 ms-image\" aria-roledescription=\"slide\" aria-label=\"slide-1754\"><a href=\"https:\/\/www.inet.edu.ar\/\" target=\"_blank\"><img src=\"https:\/\/ispetyp-cha.infd.edu.ar\/sitio\/wp-content\/uploads\/2024\/10\/inet3-600x109.png\" height=\"200\" width=\"1100\" alt=\"\" class=\"slider-403 slide-1754\" title=\"inet3\" \/><\/a><\/li>\n                <li style=\"display: none; width: 100%;\" class=\"slide-1766 ms-image\" aria-roledescription=\"slide\" aria-label=\"slide-1766\"><a href=\"https:\/\/ele.chaco.gob.ar\/\" target=\"_blank\"><img src=\"https:\/\/ispetyp-cha.infd.edu.ar\/sitio\/wp-content\/uploads\/2024\/10\/elelogo-687x125.png\" height=\"200\" width=\"1100\" alt=\"\" class=\"slider-403 slide-1766\" title=\"elelogo\" \/><\/a><\/li>\n            <\/ul>\n        <\/div>\n        \n    <\/div>\n<\/div>\n<div class=\"text-orange cursor-pointer whitespace-normal inline\"><div id=\"metaslider-id-1861\" style=\"width: 100%;\" class=\"ml-slider-3-33-0 metaslider metaslider-flex metaslider-1861 ml-slider ms-theme-default ms-theme-jenga has-dots-nav\" role=\"region\" aria-roledescription=\"Slideshow\" aria-label=\"Slideshow\">\n    <div id=\"metaslider_container_1861\">\n        <div id=\"metaslider_1861\" class=\"flexslider\">\n            <ul aria-live=\"polite\" class=\"slides\">\n                <li style=\"display: block; width: 100%;\" class=\"slide-1901 ms-image\" aria-roledescription=\"slide\" aria-label=\"slide-1901\"><img width=\"1414\" height=\"976\" src=\"https:\/\/ispetyp-cha.infd.edu.ar\/sitio\/wp-content\/uploads\/2024\/11\/Soporte.jpeg\" class=\"slider-1861 slide-1901\" alt=\"\" decoding=\"async\" loading=\"lazy\" rel=\"\" title=\"Soporte\" srcset=\"https:\/\/ispetyp-cha.infd.edu.ar\/sitio\/wp-content\/uploads\/2024\/11\/Soporte.jpeg 1414w, https:\/\/ispetyp-cha.infd.edu.ar\/sitio\/wp-content\/uploads\/2024\/11\/Soporte-1000x690.jpeg 1000w, https:\/\/ispetyp-cha.infd.edu.ar\/sitio\/wp-content\/uploads\/2024\/11\/Soporte-768x530.jpeg 768w\" sizes=\"(max-width: 1414px) 100vw, 1414px\" \/><\/li>\n                <li style=\"display: none; width: 100%;\" class=\"slide-1903 ms-image\" aria-roledescription=\"slide\" aria-label=\"slide-1903\"><img width=\"1414\" height=\"941\" src=\"https:\/\/ispetyp-cha.infd.edu.ar\/sitio\/wp-content\/uploads\/2024\/11\/Higiene.jpeg\" class=\"slider-1861 slide-1903\" alt=\"\" decoding=\"async\" loading=\"lazy\" rel=\"\" title=\"Higiene\" srcset=\"https:\/\/ispetyp-cha.infd.edu.ar\/sitio\/wp-content\/uploads\/2024\/11\/Higiene.jpeg 1414w, https:\/\/ispetyp-cha.infd.edu.ar\/sitio\/wp-content\/uploads\/2024\/11\/Higiene-1000x665.jpeg 1000w, https:\/\/ispetyp-cha.infd.edu.ar\/sitio\/wp-content\/uploads\/2024\/11\/Higiene-768x511.jpeg 768w\" sizes=\"(max-width: 1414px) 100vw, 1414px\" \/><\/li>\n                <li style=\"display: none; width: 100%;\" class=\"slide-1905 ms-image\" aria-roledescription=\"slide\" aria-label=\"slide-1905\"><img width=\"1414\" height=\"951\" src=\"https:\/\/ispetyp-cha.infd.edu.ar\/sitio\/wp-content\/uploads\/2024\/11\/Ciencias-de-Datos.jpeg\" class=\"slider-1861 slide-1905\" alt=\"\" decoding=\"async\" loading=\"lazy\" rel=\"\" title=\"Ciencias de Datos\" srcset=\"https:\/\/ispetyp-cha.infd.edu.ar\/sitio\/wp-content\/uploads\/2024\/11\/Ciencias-de-Datos.jpeg 1414w, https:\/\/ispetyp-cha.infd.edu.ar\/sitio\/wp-content\/uploads\/2024\/11\/Ciencias-de-Datos-1000x673.jpeg 1000w, https:\/\/ispetyp-cha.infd.edu.ar\/sitio\/wp-content\/uploads\/2024\/11\/Ciencias-de-Datos-768x517.jpeg 768w\" sizes=\"(max-width: 1414px) 100vw, 1414px\" \/><\/li>\n                <li style=\"display: none; width: 100%;\" class=\"slide-1907 ms-image\" aria-roledescription=\"slide\" aria-label=\"slide-1907\"><img width=\"1414\" height=\"912\" src=\"https:\/\/ispetyp-cha.infd.edu.ar\/sitio\/wp-content\/uploads\/2024\/11\/Desarrollo-de-Software.jpeg\" class=\"slider-1861 slide-1907\" alt=\"\" decoding=\"async\" loading=\"lazy\" rel=\"\" title=\"Desarrollo de Software\" srcset=\"https:\/\/ispetyp-cha.infd.edu.ar\/sitio\/wp-content\/uploads\/2024\/11\/Desarrollo-de-Software.jpeg 1414w, https:\/\/ispetyp-cha.infd.edu.ar\/sitio\/wp-content\/uploads\/2024\/11\/Desarrollo-de-Software-1000x645.jpeg 1000w, https:\/\/ispetyp-cha.infd.edu.ar\/sitio\/wp-content\/uploads\/2024\/11\/Desarrollo-de-Software-768x495.jpeg 768w\" sizes=\"(max-width: 1414px) 100vw, 1414px\" \/><\/li>\n                <li style=\"display: none; width: 100%;\" class=\"slide-1909 ms-image\" aria-roledescription=\"slide\" aria-label=\"slide-1909\"><img width=\"1414\" height=\"934\" src=\"https:\/\/ispetyp-cha.infd.edu.ar\/sitio\/wp-content\/uploads\/2024\/11\/Gestion-Ambiental.jpeg\" class=\"slider-1861 slide-1909\" alt=\"\" decoding=\"async\" loading=\"lazy\" rel=\"\" title=\"Gestion Ambiental\" srcset=\"https:\/\/ispetyp-cha.infd.edu.ar\/sitio\/wp-content\/uploads\/2024\/11\/Gestion-Ambiental.jpeg 1414w, https:\/\/ispetyp-cha.infd.edu.ar\/sitio\/wp-content\/uploads\/2024\/11\/Gestion-Ambiental-1000x661.jpeg 1000w, https:\/\/ispetyp-cha.infd.edu.ar\/sitio\/wp-content\/uploads\/2024\/11\/Gestion-Ambiental-768x507.jpeg 768w\" sizes=\"(max-width: 1414px) 100vw, 1414px\" \/><\/li>\n                <li style=\"display: none; width: 100%;\" class=\"slide-1863 ms-image\" aria-roledescription=\"slide\" aria-label=\"slide-1863\"><a href=\"https:\/\/ispetyp-cha.infd.edu.ar\/sitio\/wp-content\/uploads\/2024\/10\/OfetasAcademicas.jpeg\" target=\"_self\"><img width=\"900\" height=\"507\" src=\"https:\/\/ispetyp-cha.infd.edu.ar\/sitio\/wp-content\/uploads\/2020\/03\/SLID-e1730734129178.jpg\" class=\"slider-1861 slide-1863\" alt=\"\" decoding=\"async\" loading=\"lazy\" rel=\"\" title=\"SLID\" srcset=\"https:\/\/ispetyp-cha.infd.edu.ar\/sitio\/wp-content\/uploads\/2020\/03\/SLID-e1730734129178.jpg 900w, https:\/\/ispetyp-cha.infd.edu.ar\/sitio\/wp-content\/uploads\/2020\/03\/SLID-e1730734129178-768x433.jpg 768w\" sizes=\"(max-width: 900px) 100vw, 900px\" \/><\/a><\/li>\n                <li style=\"display: none; width: 100%;\" class=\"slide-1911 ms-image\" aria-roledescription=\"slide\" aria-label=\"slide-1911\"><img width=\"1414\" height=\"907\" src=\"https:\/\/ispetyp-cha.infd.edu.ar\/sitio\/wp-content\/uploads\/2024\/11\/PET.jpeg\" class=\"slider-1861 slide-1911\" alt=\"\" decoding=\"async\" loading=\"lazy\" rel=\"\" title=\"PET\" srcset=\"https:\/\/ispetyp-cha.infd.edu.ar\/sitio\/wp-content\/uploads\/2024\/11\/PET.jpeg 1414w, https:\/\/ispetyp-cha.infd.edu.ar\/sitio\/wp-content\/uploads\/2024\/11\/PET-1000x641.jpeg 1000w, https:\/\/ispetyp-cha.infd.edu.ar\/sitio\/wp-content\/uploads\/2024\/11\/PET-768x493.jpeg 768w\" sizes=\"(max-width: 1414px) 100vw, 1414px\" \/><\/li>\n                <li style=\"display: none; width: 100%;\" class=\"slide-1913 ms-image\" aria-roledescription=\"slide\" aria-label=\"slide-1913\"><img width=\"1414\" height=\"941\" src=\"https:\/\/ispetyp-cha.infd.edu.ar\/sitio\/wp-content\/uploads\/2024\/11\/FISICA.jpeg\" class=\"slider-1861 slide-1913\" alt=\"\" decoding=\"async\" loading=\"lazy\" rel=\"\" title=\"FISICA\" srcset=\"https:\/\/ispetyp-cha.infd.edu.ar\/sitio\/wp-content\/uploads\/2024\/11\/FISICA.jpeg 1414w, https:\/\/ispetyp-cha.infd.edu.ar\/sitio\/wp-content\/uploads\/2024\/11\/FISICA-1000x665.jpeg 1000w, https:\/\/ispetyp-cha.infd.edu.ar\/sitio\/wp-content\/uploads\/2024\/11\/FISICA-768x511.jpeg 768w\" sizes=\"(max-width: 1414px) 100vw, 1414px\" \/><\/li>\n                <li style=\"display: none; width: 100%;\" class=\"slide-1915 ms-image\" aria-roledescription=\"slide\" aria-label=\"slide-1915\"><img width=\"1414\" height=\"881\" src=\"https:\/\/ispetyp-cha.infd.edu.ar\/sitio\/wp-content\/uploads\/2024\/11\/TECNOLOGICA.jpeg\" class=\"slider-1861 slide-1915\" alt=\"\" decoding=\"async\" loading=\"lazy\" rel=\"\" title=\"TECNOLOGICA\" srcset=\"https:\/\/ispetyp-cha.infd.edu.ar\/sitio\/wp-content\/uploads\/2024\/11\/TECNOLOGICA.jpeg 1414w, https:\/\/ispetyp-cha.infd.edu.ar\/sitio\/wp-content\/uploads\/2024\/11\/TECNOLOGICA-1000x623.jpeg 1000w, https:\/\/ispetyp-cha.infd.edu.ar\/sitio\/wp-content\/uploads\/2024\/11\/TECNOLOGICA-768x479.jpeg 768w\" sizes=\"(max-width: 1414px) 100vw, 1414px\" \/><\/li>\n            <\/ul>\n        <\/div>\n        \n    <\/div>\n<\/div><\/div>\n<p>&nbsp;<\/p>\n<h1 style=\"text-align: center;\"><em><strong>INSTITUTO DE EDUCACI\u00d3N SUPERIOR DE EDUCACI\u00d3N T\u00c9CNICA Y FORMACI\u00d3N PROFESIONAL<\/strong><\/em><\/h1>\n<p>&nbsp;<\/p>\n","protected":false},"excerpt":{"rendered":"<p>&nbsp; INSTITUTO DE EDUCACI\u00d3N SUPERIOR DE EDUCACI\u00d3N T\u00c9CNICA Y FORMACI\u00d3N PROFESIONAL &nbsp;<\/p>\n","protected":false},"author":1,"featured_media":0,"parent":0,"menu_order":0,"comment_status":"closed","ping_status":"closed","template":"","meta":[],"acf":[],"_links":{"self":[{"href":"https:\/\/ispetyp-cha.infd.edu.ar\/sitio\/wp-json\/wp\/v2\/pages\/286"}],"collection":[{"href":"https:\/\/ispetyp-cha.infd.edu.ar\/sitio\/wp-json\/wp\/v2\/pages"}],"about":[{"href":"https:\/\/ispetyp-cha.infd.edu.ar\/sitio\/wp-json\/wp\/v2\/types\/page"}],"author":[{"embeddable":true,"href":"https:\/\/ispetyp-cha.infd.edu.ar\/sitio\/wp-json\/wp\/v2\/users\/1"}],"replies":[{"embeddable":true,"href":"https:\/\/ispetyp-cha.infd.edu.ar\/sitio\/wp-json\/wp\/v2\/comments?post=286"}],"version-history":[{"count":136,"href":"https:\/\/ispetyp-cha.infd.edu.ar\/sitio\/wp-json\/wp\/v2\/pages\/286\/revisions"}],"predecessor-version":[{"id":1917,"href":"https:\/\/ispetyp-cha.infd.edu.ar\/sitio\/wp-json\/wp\/v2\/pages\/286\/revisions\/1917"}],"wp:attachment":[{"href":"https:\/\/ispetyp-cha.infd.edu.ar\/sitio\/wp-json\/wp\/v2\/media?parent=286"}],"curies":[{"name":"wp","href":"https:\/\/api.w.org\/{rel}","templated":true}]}}